{"id":1391,"date":"2019-11-25T09:07:40","date_gmt":"2019-11-25T09:07:40","guid":{"rendered":"http:\/\/wpdemo.archiwp.com\/onum\/?page_id=1391"},"modified":"2019-11-25T09:07:40","modified_gmt":"2019-11-25T09:07:40","slug":"blog-grid","status":"publish","type":"page","link":"https:\/\/agency03.khogiaodienmau.net\/index.php\/blog-grid\/","title":{"rendered":"Blog Grid"},"content":{"rendered":"\t\t<div data-elementor-type=\"wp-page\" data-elementor-id=\"1391\" class=\"elementor elementor-1391\">\n\t\t\t\t\t\t<section class=\"elementor-section elementor-top-section elementor-element elementor-element-ac89bca elementor-section-boxed elementor-section-height-default elementor-section-height-default\" data-id=\"ac89bca\" data-element_type=\"section\">\n\t\t\t\t\t\t<div class=\"elementor-container elementor-column-gap-default\">\n\t\t\t\t\t<div class=\"elementor-column elementor-col-100 elementor-top-column elementor-element elementor-element-505a58f ot-flex-column-vertical\" data-id=\"505a58f\" data-element_type=\"column\">\n\t\t\t<div class=\"elementor-widget-wrap elementor-element-populated\">\n\t\t\t\t\t\t<div class=\"elementor-element elementor-element-f53b528 elementor-widget elementor-widget-ipost_grid\" data-id=\"f53b528\" data-element_type=\"widget\" data-widget_type=\"ipost_grid.default\">\n\t\t\t\t<div class=\"elementor-widget-container\">\n\t\t\t\r\n\t\t<div class=\"blog-grid pf_3_cols\">\r\n\t\t\t<div class=\"post-grid-sizer\"><\/div>\r\n         \r\n\t\t\t\t<article id=\"post-1\" class=\"post-box masonry-post-item post-1 post type-post status-publish format-standard hentry category-khong-phan-loai\">\r\n\t\t\t\t\t<div class=\"post-inner\">\r\n\t\t\t\t\t    \t\t\t\t\t    <div class=\"inner-post\">\r\n\t\t\t\t\t    \t<div class=\"post-cat\"><span class=\"posted-in\"> <a href=\"https:\/\/agency03.khogiaodienmau.net\/index.php\/category\/khong-phan-loai\/\" rel=\"category tag\">Ch\u01b0a ph\u00e2n lo\u1ea1i<\/a><\/span><\/div>\t\t\t\t\t        <div class=\"entry-header\">\r\n\t\t\t\t\t        \t\t\t\t\t\t\t            <div class=\"entry-meta\">\r\n\t\t\t\t\t\t                <span class=\"byline\"><a class=\"url fn n\" href=\"https:\/\/agency03.khogiaodienmau.net\/index.php\/author\/admin\/\"><i class=\"flaticon-user\"><\/i> admin<\/a><\/span><span class=\"posted-on\"><a href=\"https:\/\/agency03.khogiaodienmau.net\/index.php\/2024\/08\/28\/chao-moi-nguoi\/\" rel=\"bookmark\"><i class=\"flaticon-clock\"><\/i> <time class=\"entry-date published updated\" datetime=\"2024-08-28T16:13:35+00:00\">28 Th\u00e1ng 8, 2024<\/time><\/a><\/span><span class=\"comment-num\"><a href=\"https:\/\/agency03.khogiaodienmau.net\/index.php\/2024\/08\/28\/chao-moi-nguoi\/#comments\"><i class=\"flaticon-chat\"><\/i> 1 Comment<\/a><\/span>\t\t\t\t\t\t            <\/div><!-- .entry-meta -->\r\n\t\t\t\t\t            \t\t\t\t\t            <h3 class=\"entry-title\"><a href=\"https:\/\/agency03.khogiaodienmau.net\/index.php\/2024\/08\/28\/chao-moi-nguoi\/\" rel=\"bookmark\">Ch\u00e0o t\u1ea5t c\u1ea3 m\u1ecdi ng\u01b0\u1eddi!<\/a><\/h3>\t\t\t\t\t        <\/div><!-- .entry-header -->\r\n\r\n\t\t\t\t\t        \t\t\t\t\t        <div class=\"entry-summary the-excerpt\">\r\n\t\t\t\t\t            C\u1ea3m \u01a1n v\u00ec \u0111\u00e3 s\u1eed d\u1ee5ng WordPress. \u0110\u00e2y l\u00e0 b\u00e0i vi\u1ebft \u0111\u1ea7u...\t\t\t\t\t        <\/div><!-- .entry-content -->\r\n\t\t\t\t\t        \r\n\t\t\t\t\t        \t\t\t\t\t    <\/div>\r\n\t\t\t\t\t<\/div>\r\n\t\t\t\t<\/article>\r\n\t         \r\n\t\t\t\t<article id=\"post-1263\" class=\"post-box masonry-post-item post-1263 post type-post status-publish format-image has-post-thumbnail hentry category-marketing category-seo tag-business tag-marketing tag-seo post_format-post-format-image\">\r\n\t\t\t\t\t<div class=\"post-inner\">\r\n\t\t\t\t\t    \t\t\t\t\t    \t<div class=\"entry-media\">\r\n\t\t\t\t\t\t\t\t<div class=\"post-cat\"><span class=\"posted-in\"> <a href=\"https:\/\/agency03.khogiaodienmau.net\/index.php\/category\/marketing\/\" rel=\"category tag\">Marketing<\/a> <a href=\"https:\/\/agency03.khogiaodienmau.net\/index.php\/category\/seo\/\" rel=\"category tag\">SEO<\/a><\/span><\/div>\t\t\t\t\t\t\t\t\t\t\t\t\t\t\t\t\t\t\t\t\t\t\t\t\t                  \r\n\t\t\t\t\t\t\t\t        \t\t\t\t            \r\n\t\t\t\t\t\t\t\t            <a href=\"https:\/\/agency03.khogiaodienmau.net\/index.php\/2019\/11\/21\/15-seo-best-practices-website-architecture\/\">\r\n\t\t\t\t\t\t\t\t            \t<img fetchpriority=\"high\" decoding=\"async\" src=\"https:\/\/agency03.khogiaodienmau.net\/wp-content\/uploads\/2019\/11\/post-1-750x500.jpg\" alt=\"\" width=\"750\" height=\"500\">\r\n\t\t\t\t\t\t\t\t            <\/a>\r\n\t\t\t\t\t\t\t\t                        \r\n\t\t\t\t\t\t\t\t    \t\t\t\t\t\t\t\t\t\t\t\t\t\t\t<\/div>\t\t\t\t\t\t\r\n\t\t\t\t\t    \t\t\t\t\t    <div class=\"inner-post\">\r\n\t\t\t\t\t    \t\t\t\t\t\t        <div class=\"entry-header\">\r\n\t\t\t\t\t        \t\t\t\t\t\t\t            <div class=\"entry-meta\">\r\n\t\t\t\t\t\t                <span class=\"byline\"><a class=\"url fn n\" href=\"https:\/\/agency03.khogiaodienmau.net\/index.php\/author\/admin\/\"><i class=\"flaticon-user\"><\/i> admin<\/a><\/span><span class=\"posted-on\"><a href=\"https:\/\/agency03.khogiaodienmau.net\/index.php\/2019\/11\/21\/15-seo-best-practices-website-architecture\/\" rel=\"bookmark\"><i class=\"flaticon-clock\"><\/i> <time class=\"entry-date published updated\" datetime=\"2019-11-21T04:46:58+00:00\">21 Th\u00e1ng m\u01b0\u1eddi m\u1ed9t, 2019<\/time><\/a><\/span><span class=\"comment-num\"><a href=\"https:\/\/agency03.khogiaodienmau.net\/index.php\/2019\/11\/21\/15-seo-best-practices-website-architecture\/#comments\"><i class=\"flaticon-chat\"><\/i> 4 Comments<\/a><\/span>\t\t\t\t\t\t            <\/div><!-- .entry-meta -->\r\n\t\t\t\t\t            \t\t\t\t\t            <h3 class=\"entry-title\"><a href=\"https:\/\/agency03.khogiaodienmau.net\/index.php\/2019\/11\/21\/15-seo-best-practices-website-architecture\/\" rel=\"bookmark\">15 SEO Best Practices:  Website Architecture<\/a><\/h3>\t\t\t\t\t        <\/div><!-- .entry-header -->\r\n\r\n\t\t\t\t\t        \t\t\t\t\t        <div class=\"entry-summary the-excerpt\">\r\n\t\t\t\t\t            The basic premise of search engine reputation management is to use the...\t\t\t\t\t        <\/div><!-- .entry-content -->\r\n\t\t\t\t\t        \r\n\t\t\t\t\t        \t\t\t\t\t    <\/div>\r\n\t\t\t\t\t<\/div>\r\n\t\t\t\t<\/article>\r\n\t         \r\n\t\t\t\t<article id=\"post-1259\" class=\"post-box masonry-post-item post-1259 post type-post status-publish format-image has-post-thumbnail hentry category-marketing category-seo tag-smm tag-solution post_format-post-format-image\">\r\n\t\t\t\t\t<div class=\"post-inner\">\r\n\t\t\t\t\t    \t\t\t\t\t    \t<div class=\"entry-media\">\r\n\t\t\t\t\t\t\t\t<div class=\"post-cat\"><span class=\"posted-in\"> <a href=\"https:\/\/agency03.khogiaodienmau.net\/index.php\/category\/marketing\/\" rel=\"category tag\">Marketing<\/a> <a href=\"https:\/\/agency03.khogiaodienmau.net\/index.php\/category\/seo\/\" rel=\"category tag\">SEO<\/a><\/span><\/div>\t\t\t\t\t\t\t\t\t\t\t\t\t\t\t\t\t\t\t\t\t\t\t\t\t                  \r\n\t\t\t\t\t\t\t\t        \t\t\t\t            \r\n\t\t\t\t\t\t\t\t            <a href=\"https:\/\/agency03.khogiaodienmau.net\/index.php\/2019\/11\/21\/seo-best-practices-mobile-friendliness\/\">\r\n\t\t\t\t\t\t\t\t            \t<img decoding=\"async\" src=\"https:\/\/agency03.khogiaodienmau.net\/wp-content\/uploads\/2019\/11\/post-2-750x500.jpg\" alt=\"\" width=\"750\" height=\"500\">\r\n\t\t\t\t\t\t\t\t            <\/a>\r\n\t\t\t\t\t\t\t\t                        \r\n\t\t\t\t\t\t\t\t    \t\t\t\t\t\t\t\t\t\t\t\t\t\t\t<\/div>\t\t\t\t\t\t\r\n\t\t\t\t\t    \t\t\t\t\t    <div class=\"inner-post\">\r\n\t\t\t\t\t    \t\t\t\t\t\t        <div class=\"entry-header\">\r\n\t\t\t\t\t        \t\t\t\t\t\t\t            <div class=\"entry-meta\">\r\n\t\t\t\t\t\t                <span class=\"byline\"><a class=\"url fn n\" href=\"https:\/\/agency03.khogiaodienmau.net\/index.php\/author\/admin\/\"><i class=\"flaticon-user\"><\/i> admin<\/a><\/span><span class=\"posted-on\"><a href=\"https:\/\/agency03.khogiaodienmau.net\/index.php\/2019\/11\/21\/seo-best-practices-mobile-friendliness\/\" rel=\"bookmark\"><i class=\"flaticon-clock\"><\/i> <time class=\"entry-date published updated\" datetime=\"2019-11-21T04:46:03+00:00\">21 Th\u00e1ng m\u01b0\u1eddi m\u1ed9t, 2019<\/time><\/a><\/span><span class=\"comment-num\"><a href=\"https:\/\/agency03.khogiaodienmau.net\/index.php\/2019\/11\/21\/seo-best-practices-mobile-friendliness\/#respond\"><i class=\"flaticon-chat\"><\/i> 0 Comments<\/a><\/span>\t\t\t\t\t\t            <\/div><!-- .entry-meta -->\r\n\t\t\t\t\t            \t\t\t\t\t            <h3 class=\"entry-title\"><a href=\"https:\/\/agency03.khogiaodienmau.net\/index.php\/2019\/11\/21\/seo-best-practices-mobile-friendliness\/\" rel=\"bookmark\">SEO Best Practices: Mobile  Friendliness<\/a><\/h3>\t\t\t\t\t        <\/div><!-- .entry-header -->\r\n\r\n\t\t\t\t\t        \t\t\t\t\t        <div class=\"entry-summary the-excerpt\">\r\n\t\t\t\t\t            The basic premise of search engine reputation management is to use the...\t\t\t\t\t        <\/div><!-- .entry-content -->\r\n\t\t\t\t\t        \r\n\t\t\t\t\t        \t\t\t\t\t    <\/div>\r\n\t\t\t\t\t<\/div>\r\n\t\t\t\t<\/article>\r\n\t         \r\n\t\t\t\t<article id=\"post-26\" class=\"post-box masonry-post-item post-26 post type-post status-publish format-image has-post-thumbnail hentry category-marketing tag-marketing tag-seo post_format-post-format-image\">\r\n\t\t\t\t\t<div class=\"post-inner\">\r\n\t\t\t\t\t    \t\t\t\t\t    \t<div class=\"entry-media\">\r\n\t\t\t\t\t\t\t\t<div class=\"post-cat\"><span class=\"posted-in\"> <a href=\"https:\/\/agency03.khogiaodienmau.net\/index.php\/category\/marketing\/\" rel=\"category tag\">Marketing<\/a><\/span><\/div>\t\t\t\t\t\t\t\t\t\t\t\t\t\t\t\t\t\t\t\t\t\t\t\t\t                  \r\n\t\t\t\t\t\t\t\t        \t\t\t\t            \r\n\t\t\t\t\t\t\t\t            <a href=\"https:\/\/agency03.khogiaodienmau.net\/index.php\/2019\/09\/24\/a-guide-to-google-seo-algorithm-updates\/\">\r\n\t\t\t\t\t\t\t\t            \t<img decoding=\"async\" src=\"https:\/\/agency03.khogiaodienmau.net\/wp-content\/uploads\/2019\/11\/post-3-750x500.jpg\" alt=\"\" width=\"750\" height=\"500\">\r\n\t\t\t\t\t\t\t\t            <\/a>\r\n\t\t\t\t\t\t\t\t                        \r\n\t\t\t\t\t\t\t\t    \t\t\t\t\t\t\t\t\t\t\t\t\t\t\t<\/div>\t\t\t\t\t\t\r\n\t\t\t\t\t    \t\t\t\t\t    <div class=\"inner-post\">\r\n\t\t\t\t\t    \t\t\t\t\t\t        <div class=\"entry-header\">\r\n\t\t\t\t\t        \t\t\t\t\t\t\t            <div class=\"entry-meta\">\r\n\t\t\t\t\t\t                <span class=\"byline\"><a class=\"url fn n\" href=\"https:\/\/agency03.khogiaodienmau.net\/index.php\/author\/admin\/\"><i class=\"flaticon-user\"><\/i> admin<\/a><\/span><span class=\"posted-on\"><a href=\"https:\/\/agency03.khogiaodienmau.net\/index.php\/2019\/09\/24\/a-guide-to-google-seo-algorithm-updates\/\" rel=\"bookmark\"><i class=\"flaticon-clock\"><\/i> <time class=\"entry-date published updated\" datetime=\"2019-09-24T09:23:05+00:00\">24 Th\u00e1ng 9, 2019<\/time><\/a><\/span><span class=\"comment-num\"><a href=\"https:\/\/agency03.khogiaodienmau.net\/index.php\/2019\/09\/24\/a-guide-to-google-seo-algorithm-updates\/#comments\"><i class=\"flaticon-chat\"><\/i> 3 Comments<\/a><\/span>\t\t\t\t\t\t            <\/div><!-- .entry-meta -->\r\n\t\t\t\t\t            \t\t\t\t\t            <h3 class=\"entry-title\"><a href=\"https:\/\/agency03.khogiaodienmau.net\/index.php\/2019\/09\/24\/a-guide-to-google-seo-algorithm-updates\/\" rel=\"bookmark\">A Guide to Google SEO  Algorithm Updates<\/a><\/h3>\t\t\t\t\t        <\/div><!-- .entry-header -->\r\n\r\n\t\t\t\t\t        \t\t\t\t\t        <div class=\"entry-summary the-excerpt\">\r\n\t\t\t\t\t            The basic premise of search engine reputation management is to use the...\t\t\t\t\t        <\/div><!-- .entry-content -->\r\n\t\t\t\t\t        \r\n\t\t\t\t\t        \t\t\t\t\t    <\/div>\r\n\t\t\t\t\t<\/div>\r\n\t\t\t\t<\/article>\r\n\t         \r\n\t\t\t\t<article id=\"post-14\" class=\"post-box masonry-post-item post-14 post type-post status-publish format-video hentry category-business tag-startup tag-strategy post_format-post-format-video\">\r\n\t\t\t\t\t<div class=\"post-inner\">\r\n\t\t\t\t\t    \t\t\t\t\t\t\t<div class=\"entry-media\">\r\n\t\t\t\t\t\t\t\t<a class=\"btn-play\" href=\"https:\/\/vimeo.com\/87959439\">\r\n\t\t\t\t\t\t\t\t\t<i class=\"fas fa-play\"><\/i>\r\n\t\t\t\t\t\t\t\t<\/a>\r\n\t\t\t\t\t\t\t\t<div class=\"post-cat\"><span class=\"posted-in\"> <a href=\"https:\/\/agency03.khogiaodienmau.net\/index.php\/category\/business\/\" rel=\"category tag\">Business<\/a><\/span><\/div>\t\t\t\t\t\t\t\t\t\t\t\t\t\t\t\t\t\t\t\t\t\t\t\t\t                  \r\n\t\t\t\t\t\t\t\t        \t\t\t\t\t\t\t\t            <img loading=\"lazy\" decoding=\"async\" src=\"https:\/\/agency03.khogiaodienmau.net\/wp-content\/uploads\/2019\/11\/post-6-750x500.jpg\" alt=\"\" width=\"750\" height=\"500\">\r\n\t\t\t\t\t\t\t\t                        \r\n\t\t\t\t\t\t\t\t    \t\t\t\t\t\t\t\t\t\t\t\t\t\t\t<\/div>\r\n\t\t\t\t\t    \t\t\t\t\t    <div class=\"inner-post\">\r\n\t\t\t\t\t    \t\t\t\t\t\t        <div class=\"entry-header\">\r\n\t\t\t\t\t        \t\t\t\t\t\t\t            <div class=\"entry-meta\">\r\n\t\t\t\t\t\t                <span class=\"byline\"><a class=\"url fn n\" href=\"https:\/\/agency03.khogiaodienmau.net\/index.php\/author\/admin\/\"><i class=\"flaticon-user\"><\/i> admin<\/a><\/span><span class=\"posted-on\"><a href=\"https:\/\/agency03.khogiaodienmau.net\/index.php\/2019\/08\/28\/best-practices-seo-syndicated-content\/\" rel=\"bookmark\"><i class=\"flaticon-clock\"><\/i> <time class=\"entry-date published updated\" datetime=\"2019-08-28T08:11:01+00:00\">28 Th\u00e1ng 8, 2019<\/time><\/a><\/span><span class=\"comment-num\"><a href=\"https:\/\/agency03.khogiaodienmau.net\/index.php\/2019\/08\/28\/best-practices-seo-syndicated-content\/#respond\"><i class=\"flaticon-chat\"><\/i> 0 Comments<\/a><\/span>\t\t\t\t\t\t            <\/div><!-- .entry-meta -->\r\n\t\t\t\t\t            \t\t\t\t\t            <h3 class=\"entry-title\"><a href=\"https:\/\/agency03.khogiaodienmau.net\/index.php\/2019\/08\/28\/best-practices-seo-syndicated-content\/\" rel=\"bookmark\">Best Practices: SEO Syndicated Content<\/a><\/h3>\t\t\t\t\t        <\/div><!-- .entry-header -->\r\n\r\n\t\t\t\t\t        \t\t\t\t\t        <div class=\"entry-summary the-excerpt\">\r\n\t\t\t\t\t            The basic premise of search engine reputation management is to use the...\t\t\t\t\t        <\/div><!-- .entry-content -->\r\n\t\t\t\t\t        \r\n\t\t\t\t\t        \t\t\t\t\t    <\/div>\r\n\t\t\t\t\t<\/div>\r\n\t\t\t\t<\/article>\r\n\t         \r\n\t\t\t\t<article id=\"post-22\" class=\"post-box masonry-post-item post-22 post type-post status-publish format-gallery hentry category-marketing tag-business tag-marketing post_format-post-format-gallery\">\r\n\t\t\t\t\t<div class=\"post-inner\">\r\n\t\t\t\t\t    \t\t\t\t\t\t\t<div class=\"entry-media\">\r\n\t\t\t\t\t\t\t\t<div class=\"post-cat\"><span class=\"posted-in\"> <a href=\"https:\/\/agency03.khogiaodienmau.net\/index.php\/category\/marketing\/\" rel=\"category tag\">Marketing<\/a><\/span><\/div>\t\t\t\t\t\t\t\t<div class=\"gallery-post\" >\r\n\t\t\t\t\t\t\t\t\r\n\t\t\t\t\t\t            \r\n\t\t\t\t\t\t                          \r\n\t\t\t\t\t\t                \t\t                    \r\n\t\t\t\t\t\t                    <div>\r\n\t\t\t\t\t\t                    \t<div class=\"item-image\">\r\n\t\t\t\t\t\t\t                    \t<img loading=\"lazy\" decoding=\"async\" src=\"https:\/\/agency03.khogiaodienmau.net\/wp-content\/uploads\/2019\/11\/post-4c-750x432.jpg\" alt=\"\" width=\"750\" height=\"432\">\r\n\t\t\t\t\t\t\t                    <\/div>\r\n\t\t\t\t\t\t                    <\/div>                    \r\n\t\t\t\t\t\t                \t\t                    \r\n\t\t\t\t\t\t                    <div>\r\n\t\t\t\t\t\t                    \t<div class=\"item-image\">\r\n\t\t\t\t\t\t\t                    \t<img loading=\"lazy\" decoding=\"async\" src=\"https:\/\/agency03.khogiaodienmau.net\/wp-content\/uploads\/2019\/11\/post-4b-750x495.jpg\" alt=\"\" width=\"750\" height=\"495\">\r\n\t\t\t\t\t\t\t                    <\/div>\r\n\t\t\t\t\t\t                    <\/div>                    \r\n\t\t\t\t\t\t                \t\t                    \r\n\t\t\t\t\t\t                    <div>\r\n\t\t\t\t\t\t                    \t<div class=\"item-image\">\r\n\t\t\t\t\t\t\t                    \t<img loading=\"lazy\" decoding=\"async\" src=\"https:\/\/agency03.khogiaodienmau.net\/wp-content\/uploads\/2019\/11\/post-4a-750x500.jpg\" alt=\"\" width=\"750\" height=\"500\">\r\n\t\t\t\t\t\t\t                    <\/div>\r\n\t\t\t\t\t\t                    <\/div>                    \r\n\t\t\t\t\t\t                                \r\n\t\t\t\t\t\t            \t\t\t\t\t\t        \t\t\t\t\t\t        <\/div>\r\n\t\t\t\t\t\t\t<\/div>\t\t\t\r\n\t\t\t\t\t    \t\t\t\t\t    <div class=\"inner-post\">\r\n\t\t\t\t\t    \t\t\t\t\t\t        <div class=\"entry-header\">\r\n\t\t\t\t\t        \t\t\t\t\t\t\t            <div class=\"entry-meta\">\r\n\t\t\t\t\t\t                <span class=\"byline\"><a class=\"url fn n\" href=\"https:\/\/agency03.khogiaodienmau.net\/index.php\/author\/admin\/\"><i class=\"flaticon-user\"><\/i> admin<\/a><\/span><span class=\"posted-on\"><a href=\"https:\/\/agency03.khogiaodienmau.net\/index.php\/2019\/07\/10\/what-to-look-for-in-an-seo-consultant\/\" rel=\"bookmark\"><i class=\"flaticon-clock\"><\/i> <time class=\"entry-date published updated\" datetime=\"2019-07-10T09:21:45+00:00\">10 Th\u00e1ng 7, 2019<\/time><\/a><\/span><span class=\"comment-num\"><a href=\"https:\/\/agency03.khogiaodienmau.net\/index.php\/2019\/07\/10\/what-to-look-for-in-an-seo-consultant\/#respond\"><i class=\"flaticon-chat\"><\/i> 0 Comments<\/a><\/span>\t\t\t\t\t\t            <\/div><!-- .entry-meta -->\r\n\t\t\t\t\t            \t\t\t\t\t            <h3 class=\"entry-title\"><a href=\"https:\/\/agency03.khogiaodienmau.net\/index.php\/2019\/07\/10\/what-to-look-for-in-an-seo-consultant\/\" rel=\"bookmark\">What To Look For In An SEO Consultant<\/a><\/h3>\t\t\t\t\t        <\/div><!-- .entry-header -->\r\n\r\n\t\t\t\t\t        \t\t\t\t\t        <div class=\"entry-summary the-excerpt\">\r\n\t\t\t\t\t            The basic premise of search engine reputation management is to use the...\t\t\t\t\t        <\/div><!-- .entry-content -->\r\n\t\t\t\t\t        \r\n\t\t\t\t\t        \t\t\t\t\t    <\/div>\r\n\t\t\t\t\t<\/div>\r\n\t\t\t\t<\/article>\r\n\t        \t    <\/div>\r\n\t    <ul class=\"page-pagination\">\n\t<li><span aria-current=\"page\" class=\"page-numbers current\">1<\/span><\/li>\n\t<li><a class=\"page-numbers\" href=\"https:\/\/agency03.khogiaodienmau.net\/index.php\/wp-json\/wp\/v2\/pages\/1391\/page\/2\/\">2<\/a><\/li>\n\t<li><a class=\"next page-numbers\" href=\"https:\/\/agency03.khogiaodienmau.net\/index.php\/wp-json\/wp\/v2\/pages\/1391\/page\/2\/\"><i class=\"flaticon-arrow-pointing-to-right\"><\/i><\/a><\/li>\n<\/ul>\n\t    \t\t\t\t<\/div>\n\t\t\t\t<\/div>\n\t\t\t\t\t<\/div>\n\t\t<\/div>\n\t\t\t\t\t<\/div>\n\t\t<\/section>\n\t\t\t\t<\/div>\n\t\t","protected":false},"excerpt":{"rendered":"<p>Marketing SEO Tom Black November 21, 2019 4 Comments 15 SEO Best Practices: Website Architecture The basic premise of search engine reputation management is to use the&#8230; Marketing SEO Tom Black November 21, 2019 0 Comments SEO Best Practices: Mobile Friendliness The basic premise of search engine reputation management is to use the&#8230; Marketing Tom [&hellip;]<\/p>\n","protected":false},"author":1,"featured_media":0,"parent":0,"menu_order":0,"comment_status":"closed","ping_status":"closed","template":"","meta":{"footnotes":""},"class_list":["post-1391","page","type-page","status-publish","hentry"],"_links":{"self":[{"href":"https:\/\/agency03.khogiaodienmau.net\/index.php\/wp-json\/wp\/v2\/pages\/1391","targetHints":{"allow":["GET"]}}],"collection":[{"href":"https:\/\/agency03.khogiaodienmau.net\/index.php\/wp-json\/wp\/v2\/pages"}],"about":[{"href":"https:\/\/agency03.khogiaodienmau.net\/index.php\/wp-json\/wp\/v2\/types\/page"}],"author":[{"embeddable":true,"href":"https:\/\/agency03.khogiaodienmau.net\/index.php\/wp-json\/wp\/v2\/users\/1"}],"replies":[{"embeddable":true,"href":"https:\/\/agency03.khogiaodienmau.net\/index.php\/wp-json\/wp\/v2\/comments?post=1391"}],"version-history":[{"count":0,"href":"https:\/\/agency03.khogiaodienmau.net\/index.php\/wp-json\/wp\/v2\/pages\/1391\/revisions"}],"wp:attachment":[{"href":"https:\/\/agency03.khogiaodienmau.net\/index.php\/wp-json\/wp\/v2\/media?parent=1391"}],"curies":[{"name":"wp","href":"https:\/\/api.w.org\/{rel}","templated":true}]}}